{"id":65,"date":"2021-06-15T15:35:08","date_gmt":"2021-06-15T13:35:08","guid":{"rendered":"https:\/\/www.hotel-cotedesables.com\/?page_id=65"},"modified":"2021-11-19T10:43:24","modified_gmt":"2021-11-19T09:43:24","slug":"plouescat-activities","status":"publish","type":"page","link":"https:\/\/www.hotel-cotedesables.com\/en\/activites-plouescat\/","title":{"rendered":"Activities in Plouescat"},"content":{"rendered":"\t\t<div data-elementor-type=\"wp-page\" data-elementor-id=\"65\" class=\"elementor elementor-65\" data-elementor-post-type=\"page\">\n\t\t\t\t\t\t<section class=\"elementor-section elementor-top-section elementor-element elementor-element-49094349 elementor-section-boxed elementor-section-height-default elementor-section-height-default\" data-id=\"49094349\" data-element_type=\"section\" data-e-type=\"section\" data-settings=\"{&quot;background_background&quot;:&quot;classic&quot;}\">\n\t\t\t\t\t\t\t<div class=\"elementor-background-overlay\"><\/div>\n\t\t\t\t\t\t\t<div class=\"elementor-container elementor-column-gap-default\">\n\t\t\t\t\t<div class=\"elementor-column elementor-col-100 elementor-top-column elementor-element elementor-element-49d206e5\" data-id=\"49d206e5\" data-element_type=\"column\" data-e-type=\"column\">\n\t\t\t<div class=\"elementor-widget-wrap elementor-element-populated\">\n\t\t\t\t\t\t<div class=\"elementor-element elementor-element-5cb7179 elementor-widget elementor-widget-heading\" data-id=\"5cb7179\" data-element_type=\"widget\" data-e-type=\"widget\" data-widget_type=\"heading.default\">\n\t\t\t\t<div class=\"elementor-widget-container\">\n\t\t\t\t\t<h1 class=\"elementor-heading-title elementor-size-default\">Les activit\u00e9s \u00e0 Plouescat<\/h1>\t\t\t\t<\/div>\n\t\t\t\t<\/div>\n\t\t\t\t\t<\/div>\n\t\t<\/div>\n\t\t\t\t\t<\/div>\n\t\t<\/section>\n\t\t\t\t<section class=\"elementor-section elementor-top-section elementor-element elementor-element-7aace97b elementor-section-content-middle elementor-section-boxed elementor-section-height-default elementor-section-height-default\" data-id=\"7aace97b\" data-element_type=\"section\" data-e-type=\"section\" data-settings=\"{&quot;background_background&quot;:&quot;classic&quot;}\">\n\t\t\t\t\t\t\t<div class=\"elementor-background-overlay\"><\/div>\n\t\t\t\t\t\t\t<div class=\"elementor-container elementor-column-gap-wider\">\n\t\t\t\t\t<div class=\"elementor-column elementor-col-50 elementor-top-column elementor-element elementor-element-556ff4db\" data-id=\"556ff4db\" data-element_type=\"column\" data-e-type=\"column\">\n\t\t\t<div class=\"elementor-widget-wrap elementor-element-populated\">\n\t\t\t\t\t\t<div class=\"elementor-element elementor-element-9031597 elementor-widget elementor-widget-heading\" data-id=\"9031597\" data-element_type=\"widget\" data-e-type=\"widget\" data-widget_type=\"heading.default\">\n\t\t\t\t<div class=\"elementor-widget-container\">\n\t\t\t\t\t<div class=\"elementor-heading-title elementor-size-default\">Fusionner avec les \u00e9l\u00e9ments<\/div>\t\t\t\t<\/div>\n\t\t\t\t<\/div>\n\t\t\t\t<div class=\"elementor-element elementor-element-45ac7959 elementor-widget elementor-widget-heading\" data-id=\"45ac7959\" data-element_type=\"widget\" data-e-type=\"widget\" data-widget_type=\"heading.default\">\n\t\t\t\t<div class=\"elementor-widget-container\">\n\t\t\t\t\t<h2 class=\"elementor-heading-title elementor-size-default\">Activit\u00e9s sportives<\/h2>\t\t\t\t<\/div>\n\t\t\t\t<\/div>\n\t\t\t\t<div class=\"elementor-element elementor-element-47b8e86d elementor-widget-divider--view-line elementor-widget elementor-widget-divider\" data-id=\"47b8e86d\" data-element_type=\"widget\" data-e-type=\"widget\" data-widget_type=\"divider.default\">\n\t\t\t\t<div class=\"elementor-widget-container\">\n\t\t\t\t\t\t\t<div class=\"elementor-divider\">\n\t\t\t<span class=\"elementor-divider-separator\">\n\t\t\t\t\t\t<\/span>\n\t\t<\/div>\n\t\t\t\t\t\t<\/div>\n\t\t\t\t<\/div>\n\t\t\t\t<div class=\"elementor-element elementor-element-4ab00105 elementor-widget elementor-widget-text-editor\" data-id=\"4ab00105\" data-element_type=\"widget\" data-e-type=\"widget\" data-widget_type=\"text-editor.default\">\n\t\t\t\t<div class=\"elementor-widget-container\">\n\t\t\t\t\t\t\t\t\t<p>Quand il y a tous les \u00e9l\u00e9ments pour glisser, nager, rouler, voler&#8230; les activit\u00e9s sportives invent\u00e9es s&rsquo;adaptant au vent, au sable ou \u00e0 la mer sont nombreuses pour vivre des sensations fortes et revigorantes&nbsp;!<\/p>\n<p>D\u00e9couvrez plus en d\u00e9tail quatre activit\u00e9s \u00e0 r\u00e9aliser tout pr\u00e8s de notre h\u00f4tel dans le Finist\u00e8re que nous mettons en avant ici&#8230;<\/p>\t\t\t\t\t\t\t\t<\/div>\n\t\t\t\t<\/div>\n\t\t\t\t\t<\/div>\n\t\t<\/div>\n\t\t\t\t<div class=\"elementor-column elementor-col-50 elementor-top-column elementor-element elementor-element-1381c6ba\" data-id=\"1381c6ba\" data-element_type=\"column\" data-e-type=\"column\">\n\t\t\t<div class=\"elementor-widget-wrap elementor-element-populated\">\n\t\t\t\t\t\t<section class=\"elementor-section elementor-inner-section elementor-element elementor-element-4cda3f43 elementor-section-boxed elementor-section-height-default elementor-section-height-default\" data-id=\"4cda3f43\" data-element_type=\"section\" data-e-type=\"section\">\n\t\t\t\t\t\t<div class=\"elementor-container elementor-column-gap-no\">\n\t\t\t\t\t<div class=\"elementor-column elementor-col-50 elementor-inner-column elementor-element elementor-element-1d07dc3d\" data-id=\"1d07dc3d\" data-element_type=\"column\" data-e-type=\"column\">\n\t\t\t<div class=\"elementor-widget-wrap elementor-element-populated\">\n\t\t\t\t\t\t<div class=\"elementor-element elementor-element-f426124 elementor-invisible elementor-widget elementor-widget-image\" data-id=\"f426124\" data-element_type=\"widget\" data-e-type=\"widget\" data-settings=\"{&quot;_animation&quot;:&quot;fadeIn&quot;,&quot;_animation_delay&quot;:50}\" data-widget_type=\"image.default\">\n\t\t\t\t<div class=\"elementor-widget-container\">\n\t\t\t\t\t\t\t\t\t\t\t\t\t\t\t<img decoding=\"async\" src=\"https:\/\/www.hotel-cotedesables.com\/wp-content\/uploads\/elementor\/thumbs\/iStock-1078591752-r75786yo3v8gjgjt3jmjco4qe4gnqlp3nxmijrruss.jpg\" title=\"Batz Islands in Brittany\" alt=\"\u00eele de Batz en Bretagne, accessible par bateau uniquement.\" loading=\"lazy\" \/>\t\t\t\t\t\t\t\t\t\t\t\t\t\t\t<\/div>\n\t\t\t\t<\/div>\n\t\t\t\t\t<\/div>\n\t\t<\/div>\n\t\t\t\t<div class=\"elementor-column elementor-col-50 elementor-inner-column elementor-element elementor-element-7d709cb6\" data-id=\"7d709cb6\" data-element_type=\"column\" data-e-type=\"column\">\n\t\t\t<div class=\"elementor-widget-wrap elementor-element-populated\">\n\t\t\t\t\t\t<div class=\"elementor-element elementor-element-9441768 elementor-invisible elementor-widget elementor-widget-image\" data-id=\"9441768\" data-element_type=\"widget\" data-e-type=\"widget\" data-settings=\"{&quot;_animation&quot;:&quot;fadeIn&quot;,&quot;_animation_delay&quot;:100}\" data-widget_type=\"image.default\">\n\t\t\t\t<div class=\"elementor-widget-container\">\n\t\t\t\t\t\t\t\t\t\t\t\t\t\t\t<img decoding=\"async\" src=\"https:\/\/www.hotel-cotedesables.com\/wp-content\/uploads\/elementor\/thumbs\/iStock-849454706-copie-r75786yo3v6pxhhhmr9m1q2weyelmzg2x2eqqx01bs.jpg\" title=\"Rocky landscape at Cap de la Chevre, Finistere department, Armorique Regional Natural Park. Brittany (Brittany), France.\" alt=\"Rocky landscape at Cap de la Chevre, Finistere department, Parc naturel regional d&#039;Armorique. Brittany (Bretagne), France.\" loading=\"lazy\" \/>\t\t\t\t\t\t\t\t\t\t\t\t\t\t\t<\/div>\n\t\t\t\t<\/div>\n\t\t\t\t<div class=\"elementor-element elementor-element-4c1b84d7 elementor-invisible elementor-widget elementor-widget-image\" data-id=\"4c1b84d7\" data-element_type=\"widget\" data-e-type=\"widget\" data-settings=\"{&quot;_animation&quot;:&quot;fadeIn&quot;,&quot;_animation_delay&quot;:150}\" data-widget_type=\"image.default\">\n\t\t\t\t<div class=\"elementor-widget-container\">\n\t\t\t\t\t\t\t\t\t\t\t\t\t\t\t<img decoding=\"async\" src=\"https:\/\/www.hotel-cotedesables.com\/wp-content\/uploads\/elementor\/thumbs\/bto-aa8501_RAGOT-Eugenie-copie-r75787wiap8093g4h9o8m7ud0c9yuojt972886yn5k.jpg\" title=\"bto-aa8501_RAGOT-Eugenie copie\" alt=\"bto-aa8501_RAGOT-Eugenie copie\" loading=\"lazy\" \/>\t\t\t\t\t\t\t\t\t\t\t\t\t\t\t<\/div>\n\t\t\t\t<\/div>\n\t\t\t\t\t<\/div>\n\t\t<\/div>\n\t\t\t\t\t<\/div>\n\t\t<\/section>\n\t\t\t\t\t<\/div>\n\t\t<\/div>\n\t\t\t\t\t<\/div>\n\t\t<\/section>\n\t\t\t\t<section class=\"elementor-section elementor-top-section elementor-element elementor-element-60fbd2aa elementor-section-boxed elementor-section-height-default elementor-section-height-default\" data-id=\"60fbd2aa\" data-element_type=\"section\" data-e-type=\"section\" data-settings=\"{&quot;background_background&quot;:&quot;classic&quot;}\">\n\t\t\t\t\t\t<div class=\"elementor-container elementor-column-gap-default\">\n\t\t\t\t\t<div class=\"elementor-column elementor-col-100 elementor-top-column elementor-element elementor-element-f969716\" data-id=\"f969716\" data-element_type=\"column\" data-e-type=\"column\">\n\t\t\t<div class=\"elementor-widget-wrap elementor-element-populated\">\n\t\t\t\t\t\t<section class=\"elementor-section elementor-inner-section elementor-element elementor-element-65de2d06 elementor-reverse-tablet elementor-reverse-mobile elementor-section-boxed elementor-section-height-default elementor-section-height-default\" data-id=\"65de2d06\" data-element_type=\"section\" data-e-type=\"section\" data-settings=\"{&quot;background_background&quot;:&quot;classic&quot;}\">\n\t\t\t\t\t\t<div class=\"elementor-container elementor-column-gap-default\">\n\t\t\t\t\t<div class=\"elementor-column elementor-col-50 elementor-inner-column elementor-element elementor-element-5124701e\" data-id=\"5124701e\" data-element_type=\"column\" data-e-type=\"column\" data-settings=\"{&quot;background_slideshow_gallery&quot;:[{&quot;id&quot;:1835,&quot;url&quot;:&quot;https:\\\/\\\/www.hotel-cotedesables.com\\\/wp-content\\\/uploads\\\/2021\\\/07\\\/bto-aa8501_RAGOT-Eugenie-copie.jpg&quot;}],&quot;background_background&quot;:&quot;slideshow&quot;,&quot;background_slideshow_loop&quot;:&quot;yes&quot;,&quot;background_slideshow_slide_duration&quot;:5000,&quot;background_slideshow_slide_transition&quot;:&quot;fade&quot;,&quot;background_slideshow_transition_duration&quot;:500}\">\n\t\t\t<div class=\"elementor-widget-wrap elementor-element-populated\">\n\t\t\t\t\t\t<div class=\"elementor-element elementor-element-2ce08ba4 elementor-widget elementor-widget-spacer\" data-id=\"2ce08ba4\" data-element_type=\"widget\" data-e-type=\"widget\" data-widget_type=\"spacer.default\">\n\t\t\t\t<div class=\"elementor-widget-container\">\n\t\t\t\t\t\t\t<div class=\"elementor-spacer\">\n\t\t\t<div class=\"elementor-spacer-inner\"><\/div>\n\t\t<\/div>\n\t\t\t\t\t\t<\/div>\n\t\t\t\t<\/div>\n\t\t\t\t\t<\/div>\n\t\t<\/div>\n\t\t\t\t<div class=\"elementor-column elementor-col-50 elementor-inner-column elementor-element elementor-element-6783f63b\" data-id=\"6783f63b\" data-element_type=\"column\" data-e-type=\"column\">\n\t\t\t<div class=\"elementor-widget-wrap elementor-element-populated\">\n\t\t\t\t\t\t<div class=\"elementor-element elementor-element-3e2876fa elementor-widget elementor-widget-heading\" data-id=\"3e2876fa\" data-element_type=\"widget\" data-e-type=\"widget\" data-widget_type=\"heading.default\">\n\t\t\t\t<div class=\"elementor-widget-container\">\n\t\t\t\t\t<h3 class=\"elementor-heading-title elementor-size-default\">Kite Surf<\/h3>\t\t\t\t<\/div>\n\t\t\t\t<\/div>\n\t\t\t\t<div class=\"elementor-element elementor-element-87b75fc elementor-widget elementor-widget-text-editor\" data-id=\"87b75fc\" data-element_type=\"widget\" data-e-type=\"widget\" data-widget_type=\"text-editor.default\">\n\t\t\t\t<div class=\"elementor-widget-container\">\n\t\t\t\t\t\t\t\t\t<p>Connaissez-vous le Kitesurf ? C&rsquo;est un sport nautique qui attire de nombreuses nationalit\u00e9s chaque ann\u00e9e sur les meilleurs spots pour r\u00e9aliser des figures dans les airs et glisser sur les vagues lors de comp\u00e9titions ou simplement en tant que loisir. Certains vont m\u00eame \u00e0 plusieurs dizaines de m\u00e8tres de haut !<\/p><p>Des formations sont dispens\u00e9es pour ma\u00eetriser les rudiments de ce sport ; la baie du Kernic est id\u00e9ale pour d\u00e9couvrir ce sport.<\/p><p>Le principe est simple : vous utilisez l&rsquo;air \u00e0 l&rsquo;aide d&rsquo;un cerf-volant adapt\u00e9 pour glisser sur la mer avec une planche et vous pouvez m\u00eame d\u00e9coller de l&rsquo;eau en exploitant habilement la puissance du vent. Il existe plusieurs techniques : freeride, freestyle, vague, whakestyle, vitesse, longue distance&#8230; En r\u00e9sum\u00e9, \u00e7a d\u00e9coiffe et \u00e7a rafra\u00eechi !<\/p>\t\t\t\t\t\t\t\t<\/div>\n\t\t\t\t<\/div>\n\t\t\t\t<div class=\"elementor-element elementor-element-7c2ddc95 elementor-widget elementor-widget-spacer\" data-id=\"7c2ddc95\" data-element_type=\"widget\" data-e-type=\"widget\" data-widget_type=\"spacer.default\">\n\t\t\t\t<div class=\"elementor-widget-container\">\n\t\t\t\t\t\t\t<div class=\"elementor-spacer\">\n\t\t\t<div class=\"elementor-spacer-inner\"><\/div>\n\t\t<\/div>\n\t\t\t\t\t\t<\/div>\n\t\t\t\t<\/div>\n\t\t\t\t<div class=\"elementor-element elementor-element-74b69686 elementor-widget elementor-widget-heading\" data-id=\"74b69686\" data-element_type=\"widget\" data-e-type=\"widget\" data-widget_type=\"heading.default\">\n\t\t\t\t<div class=\"elementor-widget-container\">\n\t\t\t\t\t<h3 class=\"elementor-heading-title elementor-size-default\">Natation<\/h3>\t\t\t\t<\/div>\n\t\t\t\t<\/div>\n\t\t\t\t<div class=\"elementor-element elementor-element-6453c05f elementor-widget elementor-widget-text-editor\" data-id=\"6453c05f\" data-element_type=\"widget\" data-e-type=\"widget\" data-widget_type=\"text-editor.default\">\n\t\t\t\t<div class=\"elementor-widget-container\">\n\t\t\t\t\t\t\t\t\t<p>Les Bretons appr\u00e9cient le sel mais pas que dans le beurre ! En effet, lorsqu&rsquo;il s&rsquo;agit de nager, \u00e7a se passe souvent dans l&rsquo;Atlantique. Pour petits et grands, des cours et activit\u00e9s de natation sont propos\u00e9s dans la mer pour s&rsquo;initier \u00e0 la nage dans une eau naturelle et dynamique ; id\u00e9al pour le renforcement musculaire et le cardio !<\/p><p>Si jamais vous pr\u00e9f\u00e9rez l&rsquo;eau douce, des piscines int\u00e9rieures et ext\u00e9rieures sont accessibles \u00e0 Plouescat non loin de notre h\u00f4tel dans le Finist\u00e8re pour nager tranquillement.<br \/>Renseignez-vous aupr\u00e8s de notre office de tourisme.<\/p>\t\t\t\t\t\t\t\t<\/div>\n\t\t\t\t<\/div>\n\t\t\t\t<div class=\"elementor-element elementor-element-30eb738f elementor-widget elementor-widget-spacer\" data-id=\"30eb738f\" data-element_type=\"widget\" data-e-type=\"widget\" data-widget_type=\"spacer.default\">\n\t\t\t\t<div class=\"elementor-widget-container\">\n\t\t\t\t\t\t\t<div class=\"elementor-spacer\">\n\t\t\t<div class=\"elementor-spacer-inner\"><\/div>\n\t\t<\/div>\n\t\t\t\t\t\t<\/div>\n\t\t\t\t<\/div>\n\t\t\t\t<div class=\"elementor-element elementor-element-7418163 elementor-widget elementor-widget-heading\" data-id=\"7418163\" data-element_type=\"widget\" data-e-type=\"widget\" data-widget_type=\"heading.default\">\n\t\t\t\t<div class=\"elementor-widget-container\">\n\t\t\t\t\t<h3 class=\"elementor-heading-title elementor-size-default\">Aquagym<\/h3>\t\t\t\t<\/div>\n\t\t\t\t<\/div>\n\t\t\t\t<div class=\"elementor-element elementor-element-821f392 elementor-widget elementor-widget-text-editor\" data-id=\"821f392\" data-element_type=\"widget\" data-e-type=\"widget\" data-widget_type=\"text-editor.default\">\n\t\t\t\t<div class=\"elementor-widget-container\">\n\t\t\t\t\t\t\t\t\t<p>Pour passer un moment collectif, ludique et agr\u00e9able tout en renfor\u00e7ant ses muscles, l&rsquo;aquagym est l&rsquo;activit\u00e9 id\u00e9ale ! \u00c7a peut se passer m\u00eame dans la mer pour b\u00e9n\u00e9ficier des remous des vagues et du sel marin.<\/p><p>Pr\u00e9voyez une combinaison et des chaussures adapt\u00e9es pour r\u00e9aliser les exercices. En prime : un vent breton vivifiant pour vous tonifier et un bien-\u00eatre assur\u00e9 apr\u00e8s votre s\u00e9ance !<\/p>\t\t\t\t\t\t\t\t<\/div>\n\t\t\t\t<\/div>\n\t\t\t\t<div class=\"elementor-element elementor-element-078ede3 elementor-widget elementor-widget-spacer\" data-id=\"078ede3\" data-element_type=\"widget\" data-e-type=\"widget\" data-widget_type=\"spacer.default\">\n\t\t\t\t<div class=\"elementor-widget-container\">\n\t\t\t\t\t\t\t<div class=\"elementor-spacer\">\n\t\t\t<div class=\"elementor-spacer-inner\"><\/div>\n\t\t<\/div>\n\t\t\t\t\t\t<\/div>\n\t\t\t\t<\/div>\n\t\t\t\t<div class=\"elementor-element elementor-element-64fdd38 elementor-widget elementor-widget-heading\" data-id=\"64fdd38\" data-element_type=\"widget\" data-e-type=\"widget\" data-widget_type=\"heading.default\">\n\t\t\t\t<div class=\"elementor-widget-container\">\n\t\t\t\t\t<h3 class=\"elementor-heading-title elementor-size-default\">Char \u00e0 voile<\/h3>\t\t\t\t<\/div>\n\t\t\t\t<\/div>\n\t\t\t\t<div class=\"elementor-element elementor-element-a32bd0a elementor-widget elementor-widget-text-editor\" data-id=\"a32bd0a\" data-element_type=\"widget\" data-e-type=\"widget\" data-widget_type=\"text-editor.default\">\n\t\t\t\t<div class=\"elementor-widget-container\">\n\t\t\t\t\t\t\t\t\t<p>Laissez-vous porter par le vent, assis tranquillement \u00e0 orienter votre char \u00e0 voile. C&rsquo;est en effet une activit\u00e9 tr\u00e8s sympa \u00e0 effectuer en groupe lors d&rsquo;une sortie de team building ; id\u00e9al pour souder une \u00e9quipe. En seulement une heure, vous \u00eates tous pr\u00eats \u00e0 ma\u00eetriser la voile de votre char qui est propuls\u00e9 par le souffle marin. Vous profitez de la vue sur la mer et roulez sur une longue plage de sable. Vous pouvez m\u00eame r\u00e9aliser des pointes jusqu&rsquo;\u00e0 35 km\/h ! C&rsquo;est d&rsquo;ailleurs un loisir plut\u00f4t \u00e9cologique qui ne demande ni route, ni carburant ; seulement du sable, du vent et une bonne dose d&rsquo;huile de coude.<\/p>\n<p>Nous avons de magnifiques plages dans le Finist\u00e8re o\u00f9 des professionnels vous accueillent et vous forment \u00e0 la conduite du char \u00e0 voile. Alors, \u00e0 bient\u00f4t sur la piste !<\/p>\t\t\t\t\t\t\t\t<\/div>\n\t\t\t\t<\/div>\n\t\t\t\t\t<\/div>\n\t\t<\/div>\n\t\t\t\t\t<\/div>\n\t\t<\/section>\n\t\t\t\t\t<\/div>\n\t\t<\/div>\n\t\t\t\t\t<\/div>\n\t\t<\/section>\n\t\t\t\t<\/div>\n\t\t","protected":false},"excerpt":{"rendered":"<p>Les activit\u00e9s \u00e0 Plouescat Fusionner avec les \u00e9l\u00e9ments Activit\u00e9s sportives Quand il y a tous les \u00e9l\u00e9ments pour glisser, nager, rouler, voler&#8230; les activit\u00e9s sportives invent\u00e9es s&rsquo;adaptant au vent, au sable ou \u00e0 la mer sont nombreuses pour vivre des sensations fortes et revigorantes&nbsp;! D\u00e9couvrez plus en d\u00e9tail quatre activit\u00e9s \u00e0 r\u00e9aliser tout pr\u00e8s de [&hellip;]<\/p>\n","protected":false},"author":7,"featured_media":0,"parent":0,"menu_order":0,"comment_status":"closed","ping_status":"closed","template":"","meta":{"inline_featured_image":false,"footnotes":""},"class_list":["post-65","page","type-page","status-publish","hentry"],"_links":{"self":[{"href":"https:\/\/www.hotel-cotedesables.com\/en\/wp-json\/wp\/v2\/pages\/65","targetHints":{"allow":["GET"]}}],"collection":[{"href":"https:\/\/www.hotel-cotedesables.com\/en\/wp-json\/wp\/v2\/pages"}],"about":[{"href":"https:\/\/www.hotel-cotedesables.com\/en\/wp-json\/wp\/v2\/types\/page"}],"author":[{"embeddable":true,"href":"https:\/\/www.hotel-cotedesables.com\/en\/wp-json\/wp\/v2\/users\/7"}],"replies":[{"embeddable":true,"href":"https:\/\/www.hotel-cotedesables.com\/en\/wp-json\/wp\/v2\/comments?post=65"}],"version-history":[{"count":67,"href":"https:\/\/www.hotel-cotedesables.com\/en\/wp-json\/wp\/v2\/pages\/65\/revisions"}],"predecessor-version":[{"id":2915,"href":"https:\/\/www.hotel-cotedesables.com\/en\/wp-json\/wp\/v2\/pages\/65\/revisions\/2915"}],"wp:attachment":[{"href":"https:\/\/www.hotel-cotedesables.com\/en\/wp-json\/wp\/v2\/media?parent=65"}],"curies":[{"name":"wp","href":"https:\/\/api.w.org\/{rel}","templated":true}]}}