{"id":53,"date":"2021-06-15T15:33:26","date_gmt":"2021-06-15T13:33:26","guid":{"rendered":"https:\/\/www.hotel-cotedesables.com\/?page_id=53"},"modified":"2025-03-06T14:19:21","modified_gmt":"2025-03-06T13:19:21","slug":"restoration-bar","status":"publish","type":"page","link":"https:\/\/www.hotel-cotedesables.com\/en\/restauration-bar\/","title":{"rendered":"Catering Bar"},"content":{"rendered":"<div data-elementor-type=\"wp-page\" data-elementor-id=\"53\" class=\"elementor elementor-53\" data-elementor-post-type=\"page\">\n\t\t\t\t\t\t<section class=\"elementor-section elementor-top-section elementor-element elementor-element-46c31a65 elementor-section-boxed elementor-section-height-default elementor-section-height-default\" data-id=\"46c31a65\" data-element_type=\"section\" data-e-type=\"section\" data-settings=\"{&quot;background_background&quot;:&quot;classic&quot;}\">\n\t\t\t\t\t\t\t<div class=\"elementor-background-overlay\"><\/div>\n\t\t\t\t\t\t\t<div class=\"elementor-container elementor-column-gap-default\">\n\t\t\t\t\t<div class=\"elementor-column elementor-col-100 elementor-top-column elementor-element elementor-element-66798cef\" data-id=\"66798cef\" data-element_type=\"column\" data-e-type=\"column\">\n\t\t\t<div class=\"elementor-widget-wrap elementor-element-populated\">\n\t\t\t\t\t\t<div class=\"elementor-element elementor-element-2d615995 elementor-widget elementor-widget-heading\" data-id=\"2d615995\" data-element_type=\"widget\" data-e-type=\"widget\" data-widget_type=\"heading.default\">\n\t\t\t\t<div class=\"elementor-widget-container\">\n\t\t\t\t\t<h1 class=\"elementor-heading-title elementor-size-default\">Our Restaurant<br>Western Cape<\/h1>\t\t\t\t<\/div>\n\t\t\t\t<\/div>\n\t\t\t\t\t<\/div>\n\t\t<\/div>\n\t\t\t\t\t<\/div>\n\t\t<\/section>\n\t\t\t\t<section class=\"elementor-section elementor-top-section elementor-element elementor-element-4ca026a4 elementor-section-boxed elementor-section-height-default elementor-section-height-default\" data-id=\"4ca026a4\" data-element_type=\"section\" data-e-type=\"section\">\n\t\t\t\t\t\t<div class=\"elementor-container elementor-column-gap-default\">\n\t\t\t\t\t<div class=\"elementor-column elementor-col-100 elementor-top-column elementor-element elementor-element-5a4633aa\" data-id=\"5a4633aa\" data-element_type=\"column\" data-e-type=\"column\">\n\t\t\t<div class=\"elementor-widget-wrap elementor-element-populated\">\n\t\t\t\t\t\t<div class=\"elementor-element elementor-element-62e4c470 elementor-widget elementor-widget-heading\" data-id=\"62e4c470\" data-element_type=\"widget\" data-e-type=\"widget\" data-widget_type=\"heading.default\">\n\t\t\t\t<div class=\"elementor-widget-container\">\n\t\t\t\t\t<div class=\"elementor-heading-title elementor-size-default\">Breton flavours<\/div>\t\t\t\t<\/div>\n\t\t\t\t<\/div>\n\t\t\t\t<div class=\"elementor-element elementor-element-74bec1ff elementor-widget elementor-widget-heading\" data-id=\"74bec1ff\" data-element_type=\"widget\" data-e-type=\"widget\" data-widget_type=\"heading.default\">\n\t\t\t\t<div class=\"elementor-widget-container\">\n\t\t\t\t\t<h2 class=\"elementor-heading-title elementor-size-default\">Reopening of the Cap Ouest restaurant<\/h2>\t\t\t\t<\/div>\n\t\t\t\t<\/div>\n\t\t\t\t<div class=\"elementor-element elementor-element-2b3d522d elementor-widget-divider--view-line elementor-widget elementor-widget-divider\" data-id=\"2b3d522d\" data-element_type=\"widget\" data-e-type=\"widget\" data-widget_type=\"divider.default\">\n\t\t\t\t<div class=\"elementor-widget-container\">\n\t\t\t\t\t\t\t<div class=\"elementor-divider\">\n\t\t\t<span class=\"elementor-divider-separator\">\n\t\t\t\t\t\t<\/span>\n\t\t<\/div>\n\t\t\t\t\t\t<\/div>\n\t\t\t\t<\/div>\n\t\t\t\t<div class=\"elementor-element elementor-element-451a1860 elementor-widget elementor-widget-text-editor\" data-id=\"451a1860\" data-element_type=\"widget\" data-e-type=\"widget\" data-widget_type=\"text-editor.default\">\n\t\t\t\t<div class=\"elementor-widget-container\">\n\t\t\t\t\t\t\t\t\t<p class=\"p1\">From 17 March 2025 every lunchtime and evening from Monday to Friday, Saturday evening and Sunday lunchtime<\/p><p>Book at <strong>02.98.19.19.19<\/strong><\/p>\t\t\t\t\t\t\t\t<\/div>\n\t\t\t\t<\/div>\n\t\t\t\t\t<\/div>\n\t\t<\/div>\n\t\t\t\t\t<\/div>\n\t\t<\/section>\n\t\t\t\t<section class=\"elementor-section elementor-top-section elementor-element elementor-element-d56481f elementor-section-boxed elementor-section-height-default elementor-section-height-default\" data-id=\"d56481f\" data-element_type=\"section\" data-e-type=\"section\" data-settings=\"{&quot;background_background&quot;:&quot;classic&quot;}\">\n\t\t\t\t\t\t<div class=\"elementor-container elementor-column-gap-default\">\n\t\t\t\t\t<div class=\"elementor-column elementor-col-66 elementor-top-column elementor-element elementor-element-0be52cc\" data-id=\"0be52cc\" data-element_type=\"column\" data-e-type=\"column\">\n\t\t\t<div class=\"elementor-widget-wrap elementor-element-populated\">\n\t\t\t\t\t\t<div class=\"elementor-element elementor-element-2c73d78 elementor-widget elementor-widget-image\" data-id=\"2c73d78\" data-element_type=\"widget\" data-e-type=\"widget\" data-widget_type=\"image.default\">\n\t\t\t\t<div class=\"elementor-widget-container\">\n\t\t\t\t\t\t\t\t\t\t\t\t\t\t\t<img fetchpriority=\"high\" decoding=\"async\" width=\"800\" height=\"534\" src=\"https:\/\/www.hotel-cotedesables.com\/wp-content\/uploads\/2021\/07\/15062021-5D3_2497-web-1024x683.jpg\" class=\"attachment-large size-large wp-image-1511\" alt=\"\" srcset=\"https:\/\/www.hotel-cotedesables.com\/wp-content\/uploads\/2021\/07\/15062021-5D3_2497-web-1024x683.jpg 1024w, https:\/\/www.hotel-cotedesables.com\/wp-content\/uploads\/2021\/07\/15062021-5D3_2497-web-300x200.jpg 300w, https:\/\/www.hotel-cotedesables.com\/wp-content\/uploads\/2021\/07\/15062021-5D3_2497-web-768x512.jpg 768w, https:\/\/www.hotel-cotedesables.com\/wp-content\/uploads\/2021\/07\/15062021-5D3_2497-web-1536x1024.jpg 1536w, https:\/\/www.hotel-cotedesables.com\/wp-content\/uploads\/2021\/07\/15062021-5D3_2497-web-16x12.jpg 16w, https:\/\/www.hotel-cotedesables.com\/wp-content\/uploads\/2021\/07\/15062021-5D3_2497-web.jpg 1920w\" sizes=\"(max-width: 800px) 100vw, 800px\" title=\"Photo -\">\t\t\t\t\t\t\t\t\t\t\t\t\t\t\t<\/div>\n\t\t\t\t<\/div>\n\t\t\t\t\t<\/div>\n\t\t<\/div>\n\t\t\t\t<div class=\"elementor-column elementor-col-33 elementor-top-column elementor-element elementor-element-41855f8\" data-id=\"41855f8\" data-element_type=\"column\" data-e-type=\"column\">\n\t\t\t<div class=\"elementor-widget-wrap elementor-element-populated\">\n\t\t\t\t\t\t<div class=\"elementor-element elementor-element-5dfe5e2 elementor-widget elementor-widget-heading\" data-id=\"5dfe5e2\" data-element_type=\"widget\" data-e-type=\"widget\" data-widget_type=\"heading.default\">\n\t\t\t\t<div class=\"elementor-widget-container\">\n\t\t\t\t\t<h2 class=\"elementor-heading-title elementor-size-default\">Restaurant<\/h2>\t\t\t\t<\/div>\n\t\t\t\t<\/div>\n\t\t\t\t<div class=\"elementor-element elementor-element-fee144b elementor-widget-divider--view-line elementor-widget elementor-widget-divider\" data-id=\"fee144b\" data-element_type=\"widget\" data-e-type=\"widget\" data-widget_type=\"divider.default\">\n\t\t\t\t<div class=\"elementor-widget-container\">\n\t\t\t\t\t\t\t<div class=\"elementor-divider\">\n\t\t\t<span class=\"elementor-divider-separator\">\n\t\t\t\t\t\t<\/span>\n\t\t<\/div>\n\t\t\t\t\t\t<\/div>\n\t\t\t\t<\/div>\n\t\t\t\t<div class=\"elementor-element elementor-element-b1cf1bb elementor-widget elementor-widget-text-editor\" data-id=\"b1cf1bb\" data-element_type=\"widget\" data-e-type=\"widget\" data-widget_type=\"text-editor.default\">\n\t\t\t\t<div class=\"elementor-widget-container\">\n\t\t\t\t\t\t\t\t\t<p>Let yourself be seduced by our authentic cuisine, featuring fresh local produce. Whether you like savoury or sweet dishes, our menu invites you to make a gastronomic discovery. Delicately prepared seafood, tasty meats, seasonal vegetables and gourmet sweets... We offer you a selection of Breton specialities revisited with creativity.\u00a0<\/p>\t\t\t\t\t\t\t\t<\/div>\n\t\t\t\t<\/div>\n\t\t\t\t\t<\/div>\n\t\t<\/div>\n\t\t\t\t\t<\/div>\n\t\t<\/section>\n\t\t\t\t<section class=\"elementor-section elementor-top-section elementor-element elementor-element-fe687e6 elementor-section-boxed elementor-section-height-default elementor-section-height-default\" data-id=\"fe687e6\" data-element_type=\"section\" data-e-type=\"section\" data-settings=\"{&quot;background_background&quot;:&quot;classic&quot;}\">\n\t\t\t\t\t\t<div class=\"elementor-container elementor-column-gap-default\">\n\t\t\t\t\t<div class=\"elementor-column elementor-col-33 elementor-top-column elementor-element elementor-element-8ba275c\" data-id=\"8ba275c\" data-element_type=\"column\" data-e-type=\"column\">\n\t\t\t<div class=\"elementor-widget-wrap elementor-element-populated\">\n\t\t\t\t\t\t<div class=\"elementor-element elementor-element-d38fd62 elementor-widget elementor-widget-heading\" data-id=\"d38fd62\" data-element_type=\"widget\" data-e-type=\"widget\" data-widget_type=\"heading.default\">\n\t\t\t\t<div class=\"elementor-widget-container\">\n\t\t\t\t\t<h2 class=\"elementor-heading-title elementor-size-default\">Bar - Tearoom<\/h2>\t\t\t\t<\/div>\n\t\t\t\t<\/div>\n\t\t\t\t<div class=\"elementor-element elementor-element-9c31423 elementor-widget-divider--view-line elementor-widget elementor-widget-divider\" data-id=\"9c31423\" data-element_type=\"widget\" data-e-type=\"widget\" data-widget_type=\"divider.default\">\n\t\t\t\t<div class=\"elementor-widget-container\">\n\t\t\t\t\t\t\t<div class=\"elementor-divider\">\n\t\t\t<span class=\"elementor-divider-separator\">\n\t\t\t\t\t\t<\/span>\n\t\t<\/div>\n\t\t\t\t\t\t<\/div>\n\t\t\t\t<\/div>\n\t\t\t\t<div class=\"elementor-element elementor-element-a03b3c1 elementor-widget elementor-widget-text-editor\" data-id=\"a03b3c1\" data-element_type=\"widget\" data-e-type=\"widget\" data-widget_type=\"text-editor.default\">\n\t\t\t\t<div class=\"elementor-widget-container\">\n\t\t\t\t\t\t\t\t\t<p>Looking for a friendly break in a warm and soothing setting? Our bar-tea room is open all day for a relaxing moment with friends, family or colleagues. Whether you're enjoying an aperitif on the terrace with a sea view or a gourmet snack in the shade, every moment becomes a moment of pleasure in our establishment.<\/p>\t\t\t\t\t\t\t\t<\/div>\n\t\t\t\t<\/div>\n\t\t\t\t\t<\/div>\n\t\t<\/div>\n\t\t\t\t<div class=\"elementor-column elementor-col-66 elementor-top-column elementor-element elementor-element-29a92f5\" data-id=\"29a92f5\" data-element_type=\"column\" data-e-type=\"column\">\n\t\t\t<div class=\"elementor-widget-wrap elementor-element-populated\">\n\t\t\t\t\t\t<div class=\"elementor-element elementor-element-7d9ed58 elementor-widget elementor-widget-image\" data-id=\"7d9ed58\" data-element_type=\"widget\" data-e-type=\"widget\" data-widget_type=\"image.default\">\n\t\t\t\t<div class=\"elementor-widget-container\">\n\t\t\t\t\t\t\t\t\t\t\t\t\t\t\t<img decoding=\"async\" width=\"683\" height=\"1024\" src=\"https:\/\/www.hotel-cotedesables.com\/wp-content\/uploads\/2021\/07\/14062021-5D3_2074-web-1-683x1024.jpg\" class=\"attachment-large size-large wp-image-1558\" alt=\"\" srcset=\"https:\/\/www.hotel-cotedesables.com\/wp-content\/uploads\/2021\/07\/14062021-5D3_2074-web-1-683x1024.jpg 683w, https:\/\/www.hotel-cotedesables.com\/wp-content\/uploads\/2021\/07\/14062021-5D3_2074-web-1-200x300.jpg 200w, https:\/\/www.hotel-cotedesables.com\/wp-content\/uploads\/2021\/07\/14062021-5D3_2074-web-1-768x1152.jpg 768w, https:\/\/www.hotel-cotedesables.com\/wp-content\/uploads\/2021\/07\/14062021-5D3_2074-web-1-1024x1536.jpg 1024w, https:\/\/www.hotel-cotedesables.com\/wp-content\/uploads\/2021\/07\/14062021-5D3_2074-web-1-8x12.jpg 8w, https:\/\/www.hotel-cotedesables.com\/wp-content\/uploads\/2021\/07\/14062021-5D3_2074-web-1.jpg 1280w\" sizes=\"(max-width: 683px) 100vw, 683px\" title=\"Photo -\">\t\t\t\t\t\t\t\t\t\t\t\t\t\t\t<\/div>\n\t\t\t\t<\/div>\n\t\t\t\t\t<\/div>\n\t\t<\/div>\n\t\t\t\t\t<\/div>\n\t\t<\/section>\n\t\t\t\t<\/div>","protected":false},"excerpt":{"rendered":"<p>Notre RestaurantCap Ouest Saveurs bretonnes R\u00e9ouverture du restaurant Cap Ouest \u00c0 partir du 17 Mars 2025 tous les midis et soirs du lundi au vendredi, le samedi soir et le dimanche midi R\u00e9servez au 02.98.19.19.19 Restaurant Laissez-vous s\u00e9duire par une cuisine authentique mettant \u00e0 l&rsquo;honneur les produits frais de notre terroir. Que vous soyez amateur [&hellip;]<\/p>\n","protected":false},"author":7,"featured_media":0,"parent":0,"menu_order":0,"comment_status":"closed","ping_status":"closed","template":"","meta":{"inline_featured_image":false,"footnotes":""},"class_list":["post-53","page","type-page","status-publish","hentry"],"_links":{"self":[{"href":"https:\/\/www.hotel-cotedesables.com\/en\/wp-json\/wp\/v2\/pages\/53","targetHints":{"allow":["GET"]}}],"collection":[{"href":"https:\/\/www.hotel-cotedesables.com\/en\/wp-json\/wp\/v2\/pages"}],"about":[{"href":"https:\/\/www.hotel-cotedesables.com\/en\/wp-json\/wp\/v2\/types\/page"}],"author":[{"embeddable":true,"href":"https:\/\/www.hotel-cotedesables.com\/en\/wp-json\/wp\/v2\/users\/7"}],"replies":[{"embeddable":true,"href":"https:\/\/www.hotel-cotedesables.com\/en\/wp-json\/wp\/v2\/comments?post=53"}],"version-history":[{"count":112,"href":"https:\/\/www.hotel-cotedesables.com\/en\/wp-json\/wp\/v2\/pages\/53\/revisions"}],"predecessor-version":[{"id":3578,"href":"https:\/\/www.hotel-cotedesables.com\/en\/wp-json\/wp\/v2\/pages\/53\/revisions\/3578"}],"wp:attachment":[{"href":"https:\/\/www.hotel-cotedesables.com\/en\/wp-json\/wp\/v2\/media?parent=53"}],"curies":[{"name":"wp","href":"https:\/\/api.w.org\/{rel}","templated":true}]}}